{"id":17,"date":"2025-03-12T07:30:48","date_gmt":"2025-03-12T07:30:48","guid":{"rendered":"https:\/\/growthpartners-consulting.com\/?page_id=17"},"modified":"2025-04-22T09:23:30","modified_gmt":"2025-04-22T09:23:30","slug":"growth-partners-consulting","status":"publish","type":"page","link":"https:\/\/growthpartners-consulting.com\/vi\/","title":{"rendered":"Growth Partners Consulting"},"content":{"rendered":"<div class=\"banner has-hover banner_S\" id=\"banner-1635406863\">\n          <div class=\"banner-inner fill\">\n        <div class=\"banner-bg fill\" >\n            <img loading=\"lazy\" decoding=\"async\" width=\"1920\" height=\"1200\" src=\"https:\/\/growthpartners-consulting.com\/wp-content\/uploads\/bg_home_03.webp\" class=\"bg attachment-large size-large\" alt=\"\" \/>                                    \n                    <\/div>\n\t\t\n        <div class=\"banner-layers container\">\n            <div class=\"fill banner-link\"><\/div>            \n   <div id=\"text-box-912196239\" class=\"text-box banner-layer x0 md-x0 lg-x0 y35 md-y35 lg-y35 res-text\">\n                                <div class=\"text-box-content text dark\">\n              \n              <div class=\"text-inner text-left\">\n                  \n<h2><span style=\"font-family: arial, helvetica, sans-serif;\">Our Expertise<\/span><\/h2>\n<h3><span style=\"font-family: arial, helvetica, sans-serif;\">Your Growth<\/span><\/h3>\n              <\/div>\n           <\/div>\n                            \n<style>\n#text-box-912196239 {\n  width: 60%;\n}\n#text-box-912196239 .text-box-content {\n  font-size: 100%;\n}\n<\/style>\n    <\/div>\n \n        <\/div>\n      <\/div>\n\n            \n<style>\n#banner-1635406863 {\n  padding-top: 700px;\n}\n<\/style>\n  <\/div>\n\n\n\n\t<section class=\"section\" id=\"section_1654230526\">\n\t\t<div class=\"section-bg fill\" >\n\t\t\t<img loading=\"lazy\" decoding=\"async\" width=\"1920\" height=\"820\" src=\"https:\/\/growthpartners-consulting.com\/wp-content\/uploads\/bg_welcome_02.webp\" class=\"bg attachment- size-\" alt=\"\" \/>\t\t\t\t\t\t\n\t\t\t\n\n\t\t<\/div>\n\n\t\t\n\n\t\t<div class=\"section-content relative\">\n\t\t\t\n<div class=\"row row-small dichvu\"  id=\"row-1571701946\">\n\n\t<div id=\"col-1947250779\" class=\"col medium-6 small-12 large-6\"  >\n\t\t\t\t<div class=\"col-inner box-shadow-2\" style=\"background-color:rgb(255, 255, 255);\" >\n\t\t\t\n\t\t\t\n\t<div id=\"text-603399038\" class=\"text\">\n\t\t\n<h2 style=\"text-align: center;\"><span style=\"font-family: arial, helvetica, sans-serif;\">T\u1ea6M NH\u00ccN<\/span><\/h2>\n<p><span style=\"font-family: arial, helvetica, sans-serif;\">Tr\u1edf th\u00e0nh ch\u1ea5t x\u00fac t\u00e1c h\u00e0ng \u0111\u1ea7u cho qu\u00e1 tr\u00ecnh chuy\u1ec3n \u0111\u1ed5i kinh doanh v\u00e0 x\u00e2y d\u1ef1ng n\u0103ng l\u1ef1c, trao quy\u1ec1n cho c\u00e1c t\u1ed5 ch\u1ee9c \u0111\u1ec3 t\u1ea1o ra gi\u00e1 tr\u1ecb b\u1ec1n v\u1eefng v\u00e0 t\u00e1c \u0111\u1ed9ng l\u00e2u d\u00e0i tr\u00ean th\u1ecb tr\u01b0\u1eddng n\u0103ng \u0111\u1ed9ng.<\/span><\/p>\n<p>\n\t\t\n<style>\n#text-603399038 {\n  color: rgb(0, 0, 0);\n}\n#text-603399038 > * {\n  color: rgb(0, 0, 0);\n}\n<\/style>\n\t<\/div>\n\t\n\t\t<\/div>\n\t\t\t\t\n<style>\n#col-1947250779 > .col-inner {\n  padding: 30px 30px 30px 30px;\n}\n<\/style>\n\t<\/div>\n\n\t\n\n\t<div id=\"col-259081637\" class=\"col medium-6 small-12 large-6\"  >\n\t\t\t\t<div class=\"col-inner box-shadow-2\" style=\"background-color:rgb(255, 255, 255);\" >\n\t\t\t\n\t\t\t\n\t<div id=\"text-4281551733\" class=\"text\">\n\t\t\n<h2 style=\"text-align: center;\"><span style=\"font-family: arial, helvetica, sans-serif;\">S\u1ee8 M\u1ec6NH<\/span><\/h2>\n<p style=\"text-align: center;\"><span style=\"font-family: arial, helvetica, sans-serif;\">Ch\u00fang t\u00f4i h\u1ee3p t\u00e1c v\u1edbi c\u00e1c t\u1ed5 ch\u1ee9c \u0111\u1ec3 cung c\u1ea5p c\u00e1c gi\u1ea3i ph\u00e1p t\u01b0 v\u1ea5n s\u00e1ng t\u1ea1o, ph\u00f9 h\u1ee3p gi\u00fap t\u0103ng t\u1ed1c, t\u0103ng tr\u01b0\u1edfng, n\u00e2ng cao s\u1ef1 xu\u1ea5t s\u1eafc trong ho\u1ea1t \u0111\u1ed9ng v\u00e0 x\u00e2y d\u1ef1ng kh\u1ea3 n\u0103ng l\u00e3nh \u0111\u1ea1o ki\u00ean c\u01b0\u1eddng. Th\u00f4ng qua ph\u01b0\u01a1ng ph\u00e1p ti\u1ebfp c\u1eadn h\u1ee3p t\u00e1c v\u00e0 chuy\u00ean m\u00f4n s\u00e2u trong ng\u00e0nh, ch\u00fang t\u00f4i gi\u00fap kh\u00e1ch h\u00e0ng c\u1ee7a m\u00ecnh ph\u00e1t tri\u1ec3n m\u1ea1nh m\u1ebd trong b\u1ed1i c\u1ea3nh kinh doanh kh\u00f4ng ng\u1eebng thay \u0111\u1ed5i.<\/span><\/p>\n<p>\n\t\t\n<style>\n#text-4281551733 {\n  text-align: left;\n  color: rgb(0, 0, 0);\n}\n#text-4281551733 > * {\n  color: rgb(0, 0, 0);\n}\n<\/style>\n\t<\/div>\n\t\n\t\t<\/div>\n\t\t\t\t\n<style>\n#col-259081637 > .col-inner {\n  padding: 30px 30px 0px 30px;\n}\n<\/style>\n\t<\/div>\n\n\t\n\n\t<div id=\"col-1772767714\" class=\"col small-12 large-12\"  >\n\t\t\t\t<div class=\"col-inner box-shadow-2\" style=\"background-color:rgb(255, 255, 255);\" >\n\t\t\t\n\t\t\t\n\t<div id=\"text-2990054157\" class=\"text\">\n\t\t\n<h2 style=\"text-align: center;\"><span style=\"font-family: arial, helvetica, sans-serif;\">GI\u00c1 TR\u1eca C\u1ed0T L\u00d5I<\/span><\/h2>\n<ul>\n<li style=\"text-align: left;\" class=\"translation-block\"><strong>L\u1ea5y kh\u00e1ch h\u00e0ng l\u00e0m tr\u1ecdng t\u00e2m<\/strong> - Ch\u00fang t\u00f4i \u0111\u1eb7t kh\u00e1ch h\u00e0ng l\u00e0m tr\u1ecdng t\u00e2m trong m\u1ecdi vi\u1ec7c ch\u00fang t\u00f4i l\u00e0m.<\/li>\n<li style=\"text-align: left;\"><span style=\"font-family: arial, helvetica, sans-serif;\"><strong>Ch\u00ednh tr\u1ef1c<\/strong>\u00a0\u2013 Ch\u00fang t\u00f4i duy tr\u00ec nh\u1eefng ti\u00eau chu\u1ea9n cao nh\u1ea5t v\u1ec1 s\u1ef1 trung th\u1ef1c &amp; \u0111\u1ea1o \u0111\u1ee9c.<\/span><\/li>\n<li style=\"text-align: left;\" class=\"translation-block\"><strong>S\u1ef1 xu\u1ea5t s\u1eafc<\/strong>\u00a0\u2013 Ch\u00fang t\u00f4i ph\u1ea5n \u0111\u1ea5u \u0111\u1ea1t ch\u1ea5t l\u01b0\u1ee3ng v\u01b0\u1ee3t tr\u1ed9i trong c\u00e1c d\u1ecbch v\u1ee5 v\u00e0 gi\u1ea3i ph\u00e1p c\u1ee7a m\u00ecnh<\/li>\n<li style=\"text-align: left;\" class=\"translation-block\"><strong>\u0110\u1ed5i m\u1edbi<\/strong>\u00a0\u2013 Ch\u00fang t\u00f4i tr\u00e2n tr\u1ecdng s\u1ef1 s\u00e1ng t\u1ea1o \u0111\u1ec3 \u0111\u01b0a ra c\u00e1c chi\u1ebfn l\u01b0\u1ee3c c\u00f3 t\u1ea7m nh\u00ecn xa.<\/li>\n<li style=\"text-align: left;\" class=\"translation-block\"><strong>H\u1ee3p t\u00e1c\u00a0<\/strong>\u2013 Ch\u00fang t\u00f4i th\u00fac \u0111\u1ea9y quan h\u1ec7 \u0111\u1ed1i t\u00e1c v\u00e0 l\u00e0m vi\u1ec7c nh\u00f3m \u0111\u1ec3 t\u1ed1i \u0111a h\u00f3a t\u00e1c \u0111\u1ed9ng.<\/li>\n<li style=\"text-align: left;\" class=\"translation-block\"><strong>S\u1ef1 b\u1ec1n v\u1eefng\u00a0<\/strong>\u2013 Ch\u00fang t\u00f4i t\u1eadp trung v\u00e0o vi\u1ec7c t\u1ea1o ra gi\u00e1 tr\u1ecb l\u00e2u d\u00e0i, gi\u00e1 tr\u1ecb b\u1ec1n v\u1eefng cho kh\u00e1ch h\u00e0ng v\u00e0 c\u1ed9ng \u0111\u1ed3ng.<\/li>\n<\/ul>\n<p>\n\t\t\n<style>\n#text-2990054157 {\n  text-align: left;\n  color: rgb(0, 0, 0);\n}\n#text-2990054157 > * {\n  color: rgb(0, 0, 0);\n}\n<\/style>\n\t<\/div>\n\t\n\t\t<\/div>\n\t\t\t\t\n<style>\n#col-1772767714 > .col-inner {\n  padding: 30px 30px 0px 30px;\n}\n<\/style>\n\t<\/div>\n\n\t\n<\/div>\n\t\t<\/div>\n\n\t\t\n<style>\n#section_1654230526 {\n  padding-top: 70px;\n  padding-bottom: 70px;\n}\n<\/style>\n\t<\/section>\n\t\n\n\t<section class=\"section sec2\" id=\"section_400596879\">\n\t\t<div class=\"section-bg fill\" >\n\t\t\t\t\t\t\t\t\t<div class=\"section-bg-overlay absolute fill\"><\/div>\n\t\t\t\n\n\t\t<\/div>\n\n\t\t\n\n\t\t<div class=\"section-content relative\">\n\t\t\t\n<div class=\"row row-collapse align-center\"  id=\"row-60595506\">\n\n\t<div id=\"col-1294817108\" class=\"col medium-9 small-12 large-9\"  >\n\t\t\t\t<div class=\"col-inner dark\"  >\n\t\t\t\n\t<div class=\"is-border\"\n\t\tstyle=\"border-width:4px 4px 4px 4px;\">\n\t<\/div>\n\t\t\t\n\t<div id=\"text-2000260047\" class=\"text\">\n\t\t\n<div class=\"text-center bordered\">\n<h2 class=\"text-white text-uppercase\"><span style=\"font-family: arial, helvetica, sans-serif;\">TH\u00daC \u0110\u1ea8Y T\u0102NG TR\u01af\u1edeNG, T\u1ea0O \u0110I\u1ec0U KI\u1ec6N CHUY\u1ec2N \u0110\u1ed4I<\/span><\/h2>\n<\/div>\n<p>\n\t\t\n<style>\n#text-2000260047 {\n  font-size: 1.25rem;\n}\n<\/style>\n\t<\/div>\n\t\n\t\t<\/div>\n\t\t\t\t\n<style>\n#col-1294817108 > .col-inner {\n  padding: 60px 60px 60px 60px;\n}\n<\/style>\n\t<\/div>\n\n\t\n<\/div>\n\t\t<\/div>\n\n\t\t\n<style>\n#section_400596879 {\n  padding-top: 80px;\n  padding-bottom: 80px;\n}\n#section_400596879 .section-bg-overlay {\n  background-color: rgba(254, 107, 0, 0.471);\n}\n<\/style>\n\t<\/section>\n\t\n<div class=\"row align-center\"  id=\"row-1182964172\">\n\n\t<div id=\"col-1285473609\" class=\"col small-12 large-12\"  >\n\t\t\t\t<div class=\"col-inner\"  >\n\t\t\t\n\t\t\t\n\t<div id=\"text-3326230316\" class=\"text tile\">\n\t\t\n<h2 class=\"tilehead\"><span class=\"text-theme-color-2\" style=\"font-family: arial, helvetica, sans-serif;\">CLIENTS AND EXPERIENCES <\/span><br \/>\n<span style=\"font-family: arial, helvetica, sans-serif;\">OF GROWTH PARTNERS<\/span><\/h2>\n<p>\n\t\t\n<style>\n#text-3326230316 {\n  text-align: center;\n}\n<\/style>\n\t<\/div>\n\t\n\n  \n    <div class=\"row large-columns-6 medium-columns-3 small-columns-2\" >\n  <div class=\"gallery-col col\" >\n          <div class=\"col-inner\">\n            <a class=\"image-lightbox lightbox-gallery\" href=\"https:\/\/growthpartners-consulting.com\/wp-content\/uploads\/EVA-DE-EVA.webp\" title=\"\">            <div class=\"box has-hover gallery-box box-none\">\n              <div class=\"box-image\" >\n                <img loading=\"lazy\" decoding=\"async\" width=\"450\" height=\"280\" src=\"https:\/\/growthpartners-consulting.com\/wp-content\/uploads\/EVA-DE-EVA.webp\" class=\"attachment-medium size-medium\" alt=\"\" ids=\"48,49,50,51,52,53\" style=\"none\" columns=\"6\" \/>                                                              <\/div>\n              <div class=\"box-text text-left\" >\n                 <p><\/p>\n              <\/div>\n            <\/div>\n            <\/a>          <\/div>\n         <\/div><div class=\"gallery-col col\" >\n          <div class=\"col-inner\">\n            <a class=\"image-lightbox lightbox-gallery\" href=\"https:\/\/growthpartners-consulting.com\/wp-content\/uploads\/FUJIREBIO.webp\" title=\"\">            <div class=\"box has-hover gallery-box box-none\">\n              <div class=\"box-image\" >\n                <img loading=\"lazy\" decoding=\"async\" width=\"450\" height=\"280\" src=\"https:\/\/growthpartners-consulting.com\/wp-content\/uploads\/FUJIREBIO.webp\" class=\"attachment-medium size-medium\" alt=\"\" ids=\"48,49,50,51,52,53\" style=\"none\" columns=\"6\" \/>                                                              <\/div>\n              <div class=\"box-text text-left\" >\n                 <p><\/p>\n              <\/div>\n            <\/div>\n            <\/a>          <\/div>\n         <\/div><div class=\"gallery-col col\" >\n          <div class=\"col-inner\">\n            <a class=\"image-lightbox lightbox-gallery\" href=\"https:\/\/growthpartners-consulting.com\/wp-content\/uploads\/GSK.webp\" title=\"\">            <div class=\"box has-hover gallery-box box-none\">\n              <div class=\"box-image\" >\n                <img loading=\"lazy\" decoding=\"async\" width=\"450\" height=\"280\" src=\"https:\/\/growthpartners-consulting.com\/wp-content\/uploads\/GSK.webp\" class=\"attachment-medium size-medium\" alt=\"\" ids=\"48,49,50,51,52,53\" style=\"none\" columns=\"6\" \/>                                                              <\/div>\n              <div class=\"box-text text-left\" >\n                 <p><\/p>\n              <\/div>\n            <\/div>\n            <\/a>          <\/div>\n         <\/div><div class=\"gallery-col col\" >\n          <div class=\"col-inner\">\n            <a class=\"image-lightbox lightbox-gallery\" href=\"https:\/\/growthpartners-consulting.com\/wp-content\/uploads\/Heineken.webp\" title=\"\">            <div class=\"box has-hover gallery-box box-none\">\n              <div class=\"box-image\" >\n                <img loading=\"lazy\" decoding=\"async\" width=\"450\" height=\"280\" src=\"https:\/\/growthpartners-consulting.com\/wp-content\/uploads\/Heineken.webp\" class=\"attachment-medium size-medium\" alt=\"\" ids=\"48,49,50,51,52,53\" style=\"none\" columns=\"6\" \/>                                                              <\/div>\n              <div class=\"box-text text-left\" >\n                 <p><\/p>\n              <\/div>\n            <\/div>\n            <\/a>          <\/div>\n         <\/div><div class=\"gallery-col col\" >\n          <div class=\"col-inner\">\n            <a class=\"image-lightbox lightbox-gallery\" href=\"https:\/\/growthpartners-consulting.com\/wp-content\/uploads\/Davipharm.webp\" title=\"\">            <div class=\"box has-hover gallery-box box-none\">\n              <div class=\"box-image\" >\n                <img loading=\"lazy\" decoding=\"async\" width=\"450\" height=\"280\" src=\"https:\/\/growthpartners-consulting.com\/wp-content\/uploads\/Davipharm.webp\" class=\"attachment-medium size-medium\" alt=\"\" ids=\"48,49,50,51,52,53\" style=\"none\" columns=\"6\" \/>                                                              <\/div>\n              <div class=\"box-text text-left\" >\n                 <p><\/p>\n              <\/div>\n            <\/div>\n            <\/a>          <\/div>\n         <\/div><div class=\"gallery-col col\" >\n          <div class=\"col-inner\">\n            <a class=\"image-lightbox lightbox-gallery\" href=\"https:\/\/growthpartners-consulting.com\/wp-content\/uploads\/De-heus.webp\" title=\"\">            <div class=\"box has-hover gallery-box box-none\">\n              <div class=\"box-image\" >\n                <img loading=\"lazy\" decoding=\"async\" width=\"450\" height=\"280\" src=\"https:\/\/growthpartners-consulting.com\/wp-content\/uploads\/De-heus.webp\" class=\"attachment-medium size-medium\" alt=\"\" ids=\"48,49,50,51,52,53\" style=\"none\" columns=\"6\" \/>                                                              <\/div>\n              <div class=\"box-text text-left\" >\n                 <p><\/p>\n              <\/div>\n            <\/div>\n            <\/a>          <\/div>\n         <\/div><\/div>\n\t\t<\/div>\n\t\t\t\t\t<\/div>\n\n\t\n\n<style>\n#row-1182964172 > .col > .col-inner {\n  border-radius: 51px;\n}\n<\/style>\n<\/div>","protected":false},"excerpt":{"rendered":"","protected":false},"author":1,"featured_media":160,"parent":0,"menu_order":0,"comment_status":"closed","ping_status":"closed","template":"page-blank.php","meta":{"footnotes":""},"class_list":["post-17","page","type-page","status-publish","has-post-thumbnail","hentry"],"yoast_head":"<!-- This site is optimized with the Yoast SEO Premium plugin v23.2 (Yoast SEO v23.7) - https:\/\/yoast.com\/wordpress\/plugins\/seo\/ -->\n<title>Growth Partners Consulting<\/title>\n<meta name=\"description\" content=\"We are a premier consulting and training firm specializing in business transformation and capability building. Our mission is to equip organizations with the expertise, tools, and strategies needed to drive sustainable growth, operational excellence, and long-term success. Through our consulting services and world-class training programs, we help businesses navigate complex challenges, improve efficiency, and develop high-performing teams. Whether it\u2019s optimizing processes, fostering leadership, or enabling digital transformation, we provide tailored solutions to meet the unique needs of every organization.\" \/>\n<meta name=\"robots\" content=\"noindex, follow, max-snippet:-1, max-image-preview:large, max-video-preview:-1\" \/>\n<meta property=\"og:locale\" content=\"vi_VN\" \/>\n<meta property=\"og:type\" content=\"article\" \/>\n<meta property=\"og:title\" content=\"Growth Partners Consulting\" \/>\n<meta property=\"og:description\" content=\"We are a premier consulting and training firm specializing in business transformation and capability building. Our mission is to equip organizations with the expertise, tools, and strategies needed to drive sustainable growth, operational excellence, and long-term success. Through our consulting services and world-class training programs, we help businesses navigate complex challenges, improve efficiency, and develop high-performing teams. Whether it\u2019s optimizing processes, fostering leadership, or enabling digital transformation, we provide tailored solutions to meet the unique needs of every organization.\" \/>\n<meta property=\"og:url\" content=\"https:\/\/growthpartners-consulting.com\/vi\/\" \/>\n<meta property=\"og:site_name\" content=\"Growth Partners Consulting\" \/>\n<meta property=\"article:modified_time\" content=\"2025-04-22T09:23:30+00:00\" \/>\n<meta property=\"og:image\" content=\"https:\/\/growthpartners-consulting.com\/wp-content\/uploads\/z6405175512001_5204f979428ec6343106ffcf01338f72.webp\" \/>\n\t<meta property=\"og:image:width\" content=\"2000\" \/>\n\t<meta property=\"og:image:height\" content=\"2000\" \/>\n\t<meta property=\"og:image:type\" content=\"image\/webp\" \/>\n<meta name=\"twitter:card\" content=\"summary_large_image\" \/>\n<meta name=\"twitter:label1\" content=\"\u01af\u1edbc t\u00ednh th\u1eddi gian \u0111\u1ecdc\" \/>\n\t<meta name=\"twitter:data1\" content=\"2 ph\u00fat\" \/>\n<script type=\"application\/ld+json\" class=\"yoast-schema-graph\">{\"@context\":\"https:\/\/schema.org\",\"@graph\":[{\"@type\":\"WebPage\",\"@id\":\"https:\/\/growthpartners-consulting.com\/\",\"url\":\"https:\/\/growthpartners-consulting.com\/\",\"name\":\"Growth Partners Consulting\",\"isPartOf\":{\"@id\":\"https:\/\/growthpartners-consulting.com\/#website\"},\"primaryImageOfPage\":{\"@id\":\"https:\/\/growthpartners-consulting.com\/#primaryimage\"},\"image\":{\"@id\":\"https:\/\/growthpartners-consulting.com\/#primaryimage\"},\"thumbnailUrl\":\"https:\/\/growthpartners-consulting.com\/wp-content\/uploads\/z6405175512001_5204f979428ec6343106ffcf01338f72.webp\",\"datePublished\":\"2025-03-12T07:30:48+00:00\",\"dateModified\":\"2025-04-22T09:23:30+00:00\",\"description\":\"We are a premier consulting and training firm specializing in business transformation and capability building. Our mission is to equip organizations with the expertise, tools, and strategies needed to drive sustainable growth, operational excellence, and long-term success. Through our consulting services and world-class training programs, we help businesses navigate complex challenges, improve efficiency, and develop high-performing teams. Whether it\u2019s optimizing processes, fostering leadership, or enabling digital transformation, we provide tailored solutions to meet the unique needs of every organization.\",\"breadcrumb\":{\"@id\":\"https:\/\/growthpartners-consulting.com\/#breadcrumb\"},\"inLanguage\":\"vi\",\"potentialAction\":[{\"@type\":\"ReadAction\",\"target\":[\"https:\/\/growthpartners-consulting.com\/\"]}]},{\"@type\":\"ImageObject\",\"inLanguage\":\"vi\",\"@id\":\"https:\/\/growthpartners-consulting.com\/#primaryimage\",\"url\":\"https:\/\/growthpartners-consulting.com\/wp-content\/uploads\/z6405175512001_5204f979428ec6343106ffcf01338f72.webp\",\"contentUrl\":\"https:\/\/growthpartners-consulting.com\/wp-content\/uploads\/z6405175512001_5204f979428ec6343106ffcf01338f72.webp\",\"width\":2000,\"height\":2000},{\"@type\":\"BreadcrumbList\",\"@id\":\"https:\/\/growthpartners-consulting.com\/#breadcrumb\",\"itemListElement\":[{\"@type\":\"ListItem\",\"position\":1,\"name\":\"Trang ch\u1ee7\",\"item\":\"https:\/\/growthpartners-consulting.com\/\"},{\"@type\":\"ListItem\",\"position\":2,\"name\":\"Growth Partners Consulting\"}]},{\"@type\":\"WebSite\",\"@id\":\"https:\/\/growthpartners-consulting.com\/#website\",\"url\":\"https:\/\/growthpartners-consulting.com\/\",\"name\":\"Growth Partners Consulting\",\"description\":\"\",\"potentialAction\":[{\"@type\":\"SearchAction\",\"target\":{\"@type\":\"EntryPoint\",\"urlTemplate\":\"https:\/\/growthpartners-consulting.com\/?s={search_term_string}\"},\"query-input\":{\"@type\":\"PropertyValueSpecification\",\"valueRequired\":true,\"valueName\":\"search_term_string\"}}],\"inLanguage\":\"vi\"}]}<\/script>\n<!-- \/ Yoast SEO Premium plugin. -->","yoast_head_json":{"title":"Growth Partners Consulting","description":"We are a premier consulting and training firm specializing in business transformation and capability building. Our mission is to equip organizations with the expertise, tools, and strategies needed to drive sustainable growth, operational excellence, and long-term success. Through our consulting services and world-class training programs, we help businesses navigate complex challenges, improve efficiency, and develop high-performing teams. Whether it\u2019s optimizing processes, fostering leadership, or enabling digital transformation, we provide tailored solutions to meet the unique needs of every organization.","robots":{"index":"noindex","follow":"follow","max-snippet":"max-snippet:-1","max-image-preview":"max-image-preview:large","max-video-preview":"max-video-preview:-1"},"og_locale":"vi_VN","og_type":"article","og_title":"Growth Partners Consulting","og_description":"We are a premier consulting and training firm specializing in business transformation and capability building. Our mission is to equip organizations with the expertise, tools, and strategies needed to drive sustainable growth, operational excellence, and long-term success. Through our consulting services and world-class training programs, we help businesses navigate complex challenges, improve efficiency, and develop high-performing teams. Whether it\u2019s optimizing processes, fostering leadership, or enabling digital transformation, we provide tailored solutions to meet the unique needs of every organization.","og_url":"https:\/\/growthpartners-consulting.com\/vi\/","og_site_name":"Growth Partners Consulting","article_modified_time":"2025-04-22T09:23:30+00:00","og_image":[{"width":2000,"height":2000,"url":"https:\/\/growthpartners-consulting.com\/wp-content\/uploads\/z6405175512001_5204f979428ec6343106ffcf01338f72.webp","type":"image\/webp"}],"twitter_card":"summary_large_image","twitter_misc":{"\u01af\u1edbc t\u00ednh th\u1eddi gian \u0111\u1ecdc":"2 ph\u00fat"},"schema":{"@context":"https:\/\/schema.org","@graph":[{"@type":"WebPage","@id":"https:\/\/growthpartners-consulting.com\/","url":"https:\/\/growthpartners-consulting.com\/","name":"Growth Partners Consulting","isPartOf":{"@id":"https:\/\/growthpartners-consulting.com\/#website"},"primaryImageOfPage":{"@id":"https:\/\/growthpartners-consulting.com\/#primaryimage"},"image":{"@id":"https:\/\/growthpartners-consulting.com\/#primaryimage"},"thumbnailUrl":"https:\/\/growthpartners-consulting.com\/wp-content\/uploads\/z6405175512001_5204f979428ec6343106ffcf01338f72.webp","datePublished":"2025-03-12T07:30:48+00:00","dateModified":"2025-04-22T09:23:30+00:00","description":"We are a premier consulting and training firm specializing in business transformation and capability building. Our mission is to equip organizations with the expertise, tools, and strategies needed to drive sustainable growth, operational excellence, and long-term success. Through our consulting services and world-class training programs, we help businesses navigate complex challenges, improve efficiency, and develop high-performing teams. Whether it\u2019s optimizing processes, fostering leadership, or enabling digital transformation, we provide tailored solutions to meet the unique needs of every organization.","breadcrumb":{"@id":"https:\/\/growthpartners-consulting.com\/#breadcrumb"},"inLanguage":"vi","potentialAction":[{"@type":"ReadAction","target":["https:\/\/growthpartners-consulting.com\/"]}]},{"@type":"ImageObject","inLanguage":"vi","@id":"https:\/\/growthpartners-consulting.com\/#primaryimage","url":"https:\/\/growthpartners-consulting.com\/wp-content\/uploads\/z6405175512001_5204f979428ec6343106ffcf01338f72.webp","contentUrl":"https:\/\/growthpartners-consulting.com\/wp-content\/uploads\/z6405175512001_5204f979428ec6343106ffcf01338f72.webp","width":2000,"height":2000},{"@type":"BreadcrumbList","@id":"https:\/\/growthpartners-consulting.com\/#breadcrumb","itemListElement":[{"@type":"ListItem","position":1,"name":"Trang ch\u1ee7","item":"https:\/\/growthpartners-consulting.com\/"},{"@type":"ListItem","position":2,"name":"Growth Partners Consulting"}]},{"@type":"WebSite","@id":"https:\/\/growthpartners-consulting.com\/#website","url":"https:\/\/growthpartners-consulting.com\/","name":"Growth Partners Consulting","description":"","potentialAction":[{"@type":"SearchAction","target":{"@type":"EntryPoint","urlTemplate":"https:\/\/growthpartners-consulting.com\/?s={search_term_string}"},"query-input":{"@type":"PropertyValueSpecification","valueRequired":true,"valueName":"search_term_string"}}],"inLanguage":"vi"}]}},"_links":{"self":[{"href":"https:\/\/growthpartners-consulting.com\/vi\/wp-json\/wp\/v2\/pages\/17","targetHints":{"allow":["GET"]}}],"collection":[{"href":"https:\/\/growthpartners-consulting.com\/vi\/wp-json\/wp\/v2\/pages"}],"about":[{"href":"https:\/\/growthpartners-consulting.com\/vi\/wp-json\/wp\/v2\/types\/page"}],"author":[{"embeddable":true,"href":"https:\/\/growthpartners-consulting.com\/vi\/wp-json\/wp\/v2\/users\/1"}],"replies":[{"embeddable":true,"href":"https:\/\/growthpartners-consulting.com\/vi\/wp-json\/wp\/v2\/comments?post=17"}],"version-history":[{"count":28,"href":"https:\/\/growthpartners-consulting.com\/vi\/wp-json\/wp\/v2\/pages\/17\/revisions"}],"predecessor-version":[{"id":284,"href":"https:\/\/growthpartners-consulting.com\/vi\/wp-json\/wp\/v2\/pages\/17\/revisions\/284"}],"wp:featuredmedia":[{"embeddable":true,"href":"https:\/\/growthpartners-consulting.com\/vi\/wp-json\/wp\/v2\/media\/160"}],"wp:attachment":[{"href":"https:\/\/growthpartners-consulting.com\/vi\/wp-json\/wp\/v2\/media?parent=17"}],"curies":[{"name":"wp","href":"https:\/\/api.w.org\/{rel}","templated":true}]}}