{"id":67,"date":"2025-03-12T09:44:03","date_gmt":"2025-03-12T09:44:03","guid":{"rendered":"https:\/\/growthpartners-consulting.com\/?page_id=67"},"modified":"2025-04-03T06:58:17","modified_gmt":"2025-04-03T06:58:17","slug":"about-us","status":"publish","type":"page","link":"https:\/\/growthpartners-consulting.com\/vi\/about-us","title":{"rendered":"GI\u1edaI THI\u1ec6U"},"content":{"rendered":"<div id=\"page-header-992077017\" class=\"page-header-wrapper\">\n  <div class=\"page-title dark featured-title\">\n\n        <div class=\"page-title-bg\">\n      <div class=\"title-bg fill bg-fill\"\n        data-parallax-container=\".page-title\"\n        data-parallax-background\n data-parallax=\"-\">\n      <\/div>\n      <div class=\"title-overlay fill\"><\/div>\n    <\/div>\n    \n    <div class=\"page-title-inner container align-center flex-row medium-flex-wrap\" >\n              <div class=\"title-wrapper flex-col text-left medium-text-center\">\n          <h1 class=\"entry-title mb-0\">\n            GI\u1edaI THI\u1ec6U          <\/h1>\n        <\/div>\n                    <div class=\"title-content flex-col flex-right text-right medium-text-center\">\n        <div class=\"title-breadcrumbs pb-half pt-half\"><\/div>      <\/div>\n    <\/div>\n\n     \n<style>\n#page-header-992077017 .page-title-inner {\n  min-height: 230px;\n}\n#page-header-992077017 .title-bg {\n  background-image: url(https:\/\/growthpartners-consulting.com\/wp-content\/uploads\/bg_giaiphap_top.webp);\n}\n#page-header-992077017 .title-overlay {\n  background-color: rgba(0, 0, 0, 0.645);\n}\n<\/style>\n  <\/div>\n    <\/div>\n   \n\t<section class=\"section dark\" id=\"section_1806169695\">\n\t\t<div class=\"section-bg fill\" >\n\t\t\t\t\t\t\t\t\t\n\t\t\t\n\n\t\t<\/div>\n\n\t\t\n\n\t\t<div class=\"section-content relative\">\n\t\t\t <div class=\"row row-collapse row-solid\"  id=\"row-2136532446\"> \n\t<div id=\"col-2058502752\" class=\"col medium-4 small-6 large-4\"  >\n\t\t\t\t<div class=\"col-inner text-center\"  >\n\t\t\t\n\t\t\t\n<p><span style=\"font-size: 250%;\"><strong><span style=\"color: #fff;\"><span class=\"count-up\">2000<\/span>+<\/span><\/strong><\/span><\/p>\n<p><span style=\"font-size: 120%; font-family: arial, helvetica, sans-serif;\">Trained Professionals<\/span><\/p>\n\t\t<\/div>\n\t\t\t\t\t<\/div>\n\n\t \n\t<div id=\"col-2001148925\" class=\"col medium-4 small-6 large-4\"  >\n\t\t\t\t<div class=\"col-inner\"  >\n\t\t\t\n\t\t\t \t<div id=\"text-550366772\" class=\"text\">\n\t\t\n<p><span style=\"font-size: 250%;\"><strong><span style=\"color: #fff;\"><span class=\"count-up\">50<\/span>+<\/span><\/strong><\/span><\/p>\n<p><span style=\"font-size: 120%; font-family: arial, helvetica, sans-serif;\">Projects<\/span><\/p>\n\t\t\n<style>\n#text-550366772 {\n  text-align: center;\n}\n<\/style>\n\t<\/div>\n\t \t\t<\/div>\n\t\t\t\t\t<\/div>\n\n\t \n\t<div id=\"col-2140334383\" class=\"col medium-4 small-6 large-4\"  >\n\t\t\t\t<div class=\"col-inner\"  >\n\t\t\t\n\t\t\t \t<div id=\"text-4045137171\" class=\"text\">\n\t\t\n<p><span style=\"font-size: 250%;\"><strong><span style=\"color: #fff;\">USD<span class=\"count-up\">50<\/span>M+<\/span><\/strong><\/span><\/p>\n<p><span style=\"font-size: 120%; font-family: arial, helvetica, sans-serif;\">Hard savings<\/span><\/p>\n\t\t\n<style>\n#text-4045137171 {\n  text-align: center;\n}\n<\/style>\n\t<\/div>\n\t \t\t<\/div>\n\t\t\t\t\t<\/div>\n\n\t <\/div> \t\t<\/div>\n\n\t\t\n<style>\n#section_1806169695 {\n  padding-top: 30px;\n  padding-bottom: 30px;\n  background-color: rgb(29, 41, 69);\n}\n<\/style>\n\t<\/section>\n\t \t<div id=\"gap-959390875\" class=\"gap-element clearfix\" style=\"display:block; height:auto;\">\n\t\t\n<style>\n#gap-959390875 {\n  padding-top: 30px;\n}\n<\/style>\n\t<\/div>\n\t <div class=\"row\"  id=\"row-1421590399\"> \n\t<div id=\"col-817173686\" class=\"col small-12 large-12\"  data-animate=\"fadeInRight\">\n\t\t\t\t<div class=\"col-inner\"  >\n\t\t\t\n\t\t\t \t<div id=\"text-1029063032\" class=\"text\">\n\t\t\n<h2 class=\"tilehead\"><span style=\"font-family: arial, helvetica, sans-serif;\">GI\u1edaI THI\u1ec6U<\/span><\/h2>\n\t\t\n<style>\n#text-1029063032 {\n  font-size: 1.5rem;\n  text-align: center;\n}\n<\/style>\n\t<\/div>\n\t \t<div id=\"text-160717768\" class=\"text\">\n\t\t\n<p style=\"text-align: left;\"><span style=\"font-weight: 400; font-family: arial, helvetica, sans-serif;\">Ch\u00fang t\u00f4i l\u00e0 c\u00f4ng ty t\u01b0 v\u1ea5n v\u00e0 \u0111\u1ea1o t\u1ea1o h\u00e0ng \u0111\u1ea7u chuy\u00ean v\u1ec1 chuy\u1ec3n \u0111\u1ed5i kinh doanh v\u00e0 x\u00e2y d\u1ef1ng n\u0103ng l\u1ef1c. S\u1ee9 m\u1ec7nh c\u1ee7a ch\u00fang t\u00f4i l\u00e0 trao quy\u1ec1n cho c\u00e1c t\u1ed5 ch\u1ee9c b\u1eb1ng chuy\u00ean m\u00f4n, chi\u1ebfn l\u01b0\u1ee3c v\u00e0 c\u00f4ng c\u1ee5 c\u1ea7n thi\u1ebft \u0111\u1ec3 th\u00fac \u0111\u1ea9y t\u0103ng tr\u01b0\u1edfng b\u1ec1n v\u1eefng, ho\u1ea1t \u0111\u1ed9ng xu\u1ea5t s\u1eafc v\u00e0 th\u00e0nh c\u00f4ng l\u00e2u d\u00e0i.<\/span><\/p>\n<p style=\"text-align: left;\"><span style=\"font-weight: 400; font-family: arial, helvetica, sans-serif;\">Ch\u00fang t\u00f4i h\u1ee3p t\u00e1c v\u1edbi c\u00e1c doanh nghi\u1ec7p \u0111\u1ec3:<\/span><\/p>\n<ul style=\"text-align: left;\">\n<li style=\"font-weight: 400;\" aria-level=\"1\"><span style=\"font-weight: 400; font-family: arial, helvetica, sans-serif;\">\u0110i\u1ec1u h\u01b0\u1edbng nh\u1eefng th\u00e1ch th\u1ee9c ph\u1ee9c t\u1ea1p,<\/span><\/li>\n<li style=\"font-weight: 400;\" aria-level=\"1\"><span style=\"font-weight: 400; font-family: arial, helvetica, sans-serif;\">T\u1ed1i \u01b0u h\u00f3a c\u00e1c quy tr\u00ecnh v\u00e0 lu\u1ed3ng c\u00f4ng vi\u1ec7c,<\/span><\/li>\n<li style=\"font-weight: 400;\" aria-level=\"1\"><span style=\"font-weight: 400; font-family: arial, helvetica, sans-serif;\">Ph\u00e1t tri\u1ec3n c\u00e1c \u0111\u1ed9i nh\u00f3m c\u00f3 hi\u1ec7u su\u1ea5t cao,<\/span><\/li>\n<li style=\"font-weight: 400;\" aria-level=\"1\"><span style=\"font-weight: 400; font-family: arial, helvetica, sans-serif;\">Nu\u00f4i d\u01b0\u1ee1ng s\u1ef1 l\u00e3nh \u0111\u1ea1o \u1edf m\u1ecdi c\u1ea5p \u0111\u1ed9,<\/span><\/li>\n<li style=\"font-weight: 400;\" aria-level=\"1\"><span style=\"font-weight: 400; font-family: arial, helvetica, sans-serif;\">Cho ph\u00e9p chuy\u1ec3n \u0111\u1ed5i k\u1ef9 thu\u1eadt s\u1ed1 v\u00e0 v\u0103n h\u00f3a.<\/span><\/li>\n<\/ul>\n<p style=\"text-align: left;\" class=\"translation-block\"><span style=\"font-weight: 400\">\u0110i\u1ec3m m\u1ea1nh c\u1ed1t l\u00f5i c\u1ee7a ch\u00fang t\u00f4i n\u1eb1m \u1edf \u00a0<\/span><b>\u0110\u00e0o t\u1ea1o k\u1ef9 n\u0103ng m\u1ec1m<\/b><span style=\"font-weight: 400\">, trang b\u1ecb cho c\u00e1c chuy\u00ean gia kh\u1ea3 n\u0103ng l\u00e3nh \u0111\u1ea1o, giao ti\u1ebfp, tr\u00ed tu\u1ec7 c\u1ea3m x\u00fac quan tr\u1ecdng. Ch\u00fang t\u00f4i gi\u00fap c\u00e1c nh\u00f3m l\u00e0m ch\u1ee7 kh\u1ea3 n\u0103ng c\u1ed9ng t\u00e1c, \u0111\u00e0m ph\u00e1n, v\u00e0 kh\u1ea3 n\u0103ng th\u00edch \u1ee9ng \u2013 nh\u1eefng n\u0103ng l\u1ef1c quan trong trong m\u00f4i tr\u01b0\u1eddng kinh doanh n\u0103ng \u0111\u1ed9ng ng\u00e0y nay.<\/span><\/p>\n<p style=\"text-align: left;\"><span style=\"font-family: arial, helvetica, sans-serif;\"><span style=\"font-weight: 400;\">\u0110\u1ed3ng th\u1eddi, ch\u00fang t\u00f4i l\u00e0 chuy\u00ean gia v\u1ec1\u00a0<\/span><b>Lean Six Sigma<\/b><span style=\"font-weight: 400;\">, cung c\u1ea5p ch\u1ee9ng ch\u1ec9 \u0110ai v\u00e0ng, \u0110ai xanh, v\u00e0 \u0110ai \u0111en \u0111\u1ec3 th\u00fac \u0111\u1ea9y c\u1ea3i ti\u1ebfn li\u00ean t\u1ee5c, gi\u1ea3m thi\u1ec3u l\u00e3ng ph\u00ed, v\u00e0 v\u1eadn h\u00e0nh hi\u1ec7u qu\u1ea3 trong c\u00e1c ng\u00e0nh c\u00f4ng nghi\u1ec7p nh\u01b0 s\u1ea3n xu\u1ea5t, t\u00e0i ch\u00ednh, ch\u0103m s\u00f3c s\u1ee9c kh\u1ecfe v\u00e0 d\u1ecbch v\u1ee5.<\/span><\/span><\/p>\n<p style=\"text-align: left;\"><span style=\"font-weight: 400; font-family: arial, helvetica, sans-serif;\">C\u00e1c d\u1ecbch v\u1ee5 to\u00e0n di\u1ec7n c\u1ee7a ch\u00fang t\u00f4i bao g\u1ed3m:<\/span><\/p>\n<ul style=\"text-align: left;\">\n<li style=\"font-weight: 400;\" aria-level=\"1\"><span style=\"font-family: arial, helvetica, sans-serif;\"><b>Qu\u1ea3n l\u00fd thay \u0111\u1ed5i<\/b><span style=\"font-weight: 400;\">\u00a0- gi\u1ea3m thi\u1ec3u vi\u1ec7c kh\u00e1ng c\u1ef1 v\u00e0 t\u1ed1i \u0111a h\u00f3a s\u1ef1 \u00e1p d\u1ee5ng trong qu\u00e1 tr\u00ecnh chuy\u1ec3n \u0111\u1ed5i,<\/span><\/span><\/li>\n<li style=\"font-weight: 400;\" aria-level=\"1\"><span style=\"font-family: arial, helvetica, sans-serif;\"><b>Qu\u1ea3n l\u00fd d\u1ef1 \u00e1n<\/b><span style=\"font-weight: 400;\">\u00a0\u2013 trao quy\u1ec1n cho c\u00e1c \u0111\u1ed9i nh\u00f3m v\u1edbi c\u00e1c ph\u01b0\u01a1ng ph\u00e1p PMP, PRINCE2, v\u00e0 Agile,<\/span><\/span><\/li>\n<li style=\"font-weight: 400;\" aria-level=\"1\"><span style=\"font-family: arial, helvetica, sans-serif;\"><b>Thi\u1ebft k\u1ebf t\u01b0 duy<\/b><span style=\"font-weight: 400;\">\u00a0\u2013 Th\u00fac \u0111\u1ea9y s\u1ef1 c\u1ea3i ti\u1ebfn v\u00e0 c\u00e1c gi\u1ea3i ph\u00e1p l\u1ea5y ng\u01b0\u1eddi d\u00f9ng l\u00e0m trung t\u00e2m.<\/span><\/span><\/li>\n<\/ul>\n<p style=\"text-align: left;\"><span style=\"font-weight: 400; font-family: arial, helvetica, sans-serif;\">Ch\u00fang t\u00f4i cung c\u1ea5p c\u00e1c ch\u1ee9ng ch\u1ec9 \u0111\u01b0\u1ee3c c\u00f4ng nh\u1eadn tr\u00ean to\u00e0n c\u1ea7u v\u00e0 c\u00e1c gi\u1ea3i ph\u00e1p th\u1ef1c t\u1ebf, ph\u00f9 h\u1ee3p v\u1edbi c\u00e1c t\u1ed5 ch\u1ee9c h\u00e0ng \u0111\u1ea7u nh\u01b0 PMI, Prosci, c\u00e1c c\u00e1c khu\u00f4n kh\u1ed5 Lean Six Sigma. Ngo\u00e0i \u0111\u00e0o t\u1ea1o, c\u00e1c d\u1ecbch v\u1ee5 t\u01b0 v\u1ea5n c\u1ee7a ch\u00fang t\u00f4i gi\u00fap c\u00e1c t\u1ed5 ch\u1ee9c h\u00ecnh dung l\u1ea1i c\u00e1c chi\u1ebfn l\u01b0\u1ee3c, t\u0103ng c\u01b0\u1eddng n\u0103ng l\u1ef1c, v\u00e0 \u0111\u1ea3m b\u1ea3o c\u00e1c s\u00e1ng ki\u1ebfn chuy\u1ec3n \u0111\u1ed5i mang l\u1ea1i k\u1ebft qu\u1ea3 c\u00f3 th\u1ec3 \u0111o l\u01b0\u1eddng \u0111\u01b0\u1ee3c v\u00e0 b\u1ec1n v\u1eefng.<\/span><\/p>\n<p>&nbsp;<\/p>\n<h4 style=\"text-align: left;\"><span style=\"font-family: arial, helvetica, sans-serif;\"><b>Why Choose Us?<\/b><\/span><\/h4>\n<ul>\n<li style=\"font-weight: 400; text-align: left;\" aria-level=\"1\"><span style=\"font-family: arial, helvetica, sans-serif;\"><b>C\u00e1c gi\u1ea3i ph\u00e1p t\u00f9y ch\u1ec9nh ph\u00f9 h\u1ee3p<\/b><span style=\"font-weight: 400;\">: Ch\u00fang t\u00f4i t\u00f9y ch\u1ec9nh m\u1ecdi cam k\u1ebft \u0111\u1ec3 ph\u00f9 h\u1ee3p v\u1edbi m\u1ecdi th\u00e1ch th\u1ee9c v\u00e0 m\u1ee5c ti\u00eau kinh doanh c\u1ee5 th\u1ec3.<\/span><\/span><\/li>\n<li style=\"font-weight: 400; text-align: left;\" aria-level=\"1\"><span style=\"font-family: arial, helvetica, sans-serif;\"><b>Chuy\u00ean m\u00f4n to\u00e0n di\u1ec7n<\/b><span style=\"font-weight: 400;\">: T\u1eeb chi\u1ebfn l\u01b0\u1ee3c \u0111\u1ebfn tri\u1ec3n khai, ch\u00fang t\u00f4i cung c\u1ea5p c\u00e1c gi\u1ea3i ph\u00e1p to\u00e0n di\u1ec7n v\u1ec1 chuy\u1ec3n \u0111\u1ed5i doanh nghi\u1ec7p, \u0111\u00e0o t\u1ea1o, v\u00e0 c\u1ea3i ti\u1ebfn quy tr\u00ecnh.<\/span><\/span><\/li>\n<li style=\"font-weight: 400; text-align: left;\" aria-level=\"1\"><span style=\"font-family: arial, helvetica, sans-serif;\"><b>Th\u00e0nh qu\u1ea3 \u0111\u00e3 \u0111\u01b0\u1ee3c ch\u1ee9ng minh<\/b><span style=\"font-weight: 400;\">: \u0110\u1ed9i ng\u0169 t\u01b0 v\u1ea5n c\u1ee7a ch\u00fang t\u00f4i c\u00f3 nhi\u1ec1u n\u0103m kinh nghi\u1ec7m trong nhi\u1ec1u ng\u00e0nh, mang l\u1ea1i k\u1ebft qu\u1ea3 c\u00f3 th\u1ec3 \u0111o l\u01b0\u1eddng \u0111\u01b0\u1ee3c cho nhi\u1ec1u t\u1ed5 ch\u1ee9c trong khu v\u1ef1c.<\/span><\/span><\/li>\n<li style=\"font-weight: 400; text-align: left;\" aria-level=\"1\"><span style=\"font-family: arial, helvetica, sans-serif;\"><b>Ch\u1ee9ng nh\u1eadn to\u00e0n c\u1ea7u<\/b><span style=\"font-weight: 400;\">: Ch\u00fang t\u00f4i cung c\u1ea5p c\u00e1c ch\u01b0\u01a1ng tr\u00ecnh \u0111\u1ea1o t\u1ea1o \u0111\u01b0\u1ee3c c\u00f4ng nh\u1eadn qu\u1ed1c t\u1ebf theo chu\u1ea9n c\u1ee7a c\u00e1c t\u1ed5 ch\u1ee9c h\u00e0ng \u0111\u1ea7u nh\u01b0 PMI, Lean Six Sigma, v\u00e0 Prosci.<\/span><\/span><\/li>\n<li style=\"font-weight: 400; text-align: left;\" aria-level=\"1\"><span style=\"font-family: arial, helvetica, sans-serif;\"><b>Ti\u1ebfp c\u1eadn l\u1ea5y kh\u00e1ch h\u00e0ng l\u00e0m trung t\u00e2m<\/b><span style=\"font-weight: 400;\">: Ch\u00fang t\u00f4i h\u1ee3p c\u00e1c ch\u1eb7t ch\u1ebd v\u1edbi \u0111\u1ed9i nh\u00f3m c\u1ee7a kh\u00e1ch h\u00e0ng, \u0111\u1ea3m b\u1ea3o s\u1ef1 t\u00e1c \u0111\u1ed9ng b\u1ec1n v\u1eefng v\u00e0 th\u00e0nh c\u00f4ng l\u00e2u d\u00e0i.<\/span><\/span><\/li>\n<\/ul>\n\t\t\n<style>\n#text-160717768 {\n  text-align: center;\n  color: rgb(0, 0, 0);\n}\n#text-160717768 > * {\n  color: rgb(0, 0, 0);\n}\n<\/style>\n\t<\/div>\n\t \t<div id=\"text-923068036\" class=\"text\">\n\t\t\n<h2 class=\"tilehead\"><span style=\"font-family: arial, helvetica, sans-serif;\">C\u00c2U CHUY\u1ec6N TH\u00c0NH C\u00d4NG C\u1ee6A KH\u00c1CH H\u00c0NG<\/span><\/h2>\n\t\t\n<style>\n#text-923068036 {\n  font-size: 1.5rem;\n  text-align: center;\n}\n<\/style>\n\t<\/div>\n\t <div class=\"row\"  id=\"row-703519646\"> \n\t<div id=\"col-124864823\" class=\"col medium-6 small-12 large-6\"  data-animate=\"fadeInLeft\">\n\t\t\t\t<div class=\"col-inner\"  >\n\t\t\t\n\t\t\t \t<div class=\"img has-hover x md-x lg-x y md-y lg-y\" id=\"image_1081035622\">\n\t\t\t\t\t\t\t\t<div class=\"img-inner dark\" >\n\t\t\t<img loading=\"lazy\" decoding=\"async\" width=\"900\" height=\"544\" src=\"https:\/\/growthpartners-consulting.com\/wp-content\/uploads\/nganh-tai-chinh-ngan-hang-la-gi.webp\" class=\"attachment-large size-large\" alt=\"\" \/>\t\t\t\t\t\t\n\t\t\t\t\t<\/div>\n\t\t\t\t\t\t\t\t\n<style>\n#image_1081035622 {\n  width: 100%;\n}\n<\/style>\n\t<\/div>\n\t \t\t<\/div>\n\t\t\t\t\t<\/div>\n\n\t \n\t<div id=\"col-89694552\" class=\"col medium-6 small-12 large-6\"  data-animate=\"fadeInRight\">\n\t\t\t\t<div class=\"col-inner\"  >\n\t\t\t\n\t\t\t\n<p><span style=\"font-family: arial, helvetica, sans-serif;\"><b>Ng\u00e0nh t\u00e0i ch\u00ednh \u2013 Trung \u0110\u00f4ng, \u1ea4n \u0110\u1ed9 &amp; Ch\u00e2u Phi \u2013 Thay \u0111\u1ed5i doanh nghi\u1ec7p v\u00e0 x\u00e2y d\u1ef1ng n\u0103ng l\u1ef1c.<\/b><\/span><\/p>\n<p style=\"text-align: justify;\"><span style=\"font-family: arial, helvetica, sans-serif;\"><span style=\"font-weight: 400;\">Ch\u00fang t\u00f4i \u0111\u00e3 h\u1ed7 tr\u1ee3 c\u00e1c ng\u00e2n h\u00e0ng v\u00e0 t\u1ed5 ch\u1ee9c t\u00e0i ch\u00ednh h\u00e0ng \u0111\u1ea7u \u1edf Trung \u0110\u00f4ng, \u1ea4n \u0110\u1ed9 v\u00e0 Ch\u00e2u Phi trong vi\u1ec7c qu\u1ea3n l\u00fd c\u00e1c chuy\u1ec3n \u0111\u1ed5i k\u1ef9 thu\u1eadt s\u1ed1 v\u00e0 t\u1ed5 ch\u1ee9c ph\u1ee9c t\u1ea1p. B\u1eb1ng c\u00e1ch tri\u1ec3n khai\u00a0<\/span><b>khu\u00f4n kh\u1ed5 qu\u1ea3n l\u00fd thay \u0111\u1ed5i c\u00f3 c\u1ea5u tr\u00fac<\/b><span style=\"font-weight: 400;\">\u00a0(Prosci\/ADKAR) v\u00e0 cung c\u1ea5p\u00a0<\/span><b>\u0111\u00e0o t\u1ea1o l\u00e3nh \u0111\u1ea1o \u0111i\u1ec1u h\u00e0nh v\u00e0 qu\u1ea3n l\u00fd d\u1ef1 \u00e1n<\/b><span style=\"font-weight: 400;\">, ch\u00fang t\u00f4i \u0111\u00e3 gi\u00fap c\u00e1c t\u1ed5 ch\u1ee9c \u0111\u1ea1t \u0111\u01b0\u1ee3c t\u1ef7 l\u1ec7 \u00e1p d\u1ee5ng c\u00f4ng ngh\u1ec7 &gt;90%, t\u1ed1i \u01b0u h\u00f3a c\u00e1c quy tr\u00ecnh kinh doanh, v\u00e0 gi\u1ea3m thi\u1ec3u chi ph\u00ed v\u1eadn h\u00e0nh l\u00ean \u0111\u1ebfn 20%. C\u00e1c tr\u01b0\u01a1ng tr\u00ecnh c\u1ee7a ch\u00fang t\u00f4i trao quy\u1ec1n cho c\u00e1c nh\u00e0 l\u00e3nh \u0111\u1ea1o c\u1ea5p cao v\u00e0 c\u00e1c nh\u00f3m tuy\u1ebfn \u0111\u1ea7u th\u00edch \u1ee9ng v\u1edbi c\u00e1c m\u00f4 h\u00ecnh ho\u1ea1t \u0111\u1ed9ng nhanh ch\u00f3ng v\u00e0 c\u00e1c ph\u01b0\u01a1ng ph\u00e1p ti\u1ebfp c\u1eadn l\u1ea5y kh\u00e1ch h\u00e0ng l\u00e0m trung t\u00e2m trong c\u00e1c m\u00f4i tr\u01b0\u1eddng \u0111\u01b0\u1ee3c qu\u1ea3n l\u00fd ch\u1eb7t ch\u1ebd.<\/span><\/span><\/p>\n\t\t<\/div>\n\t\t\t\t\t<\/div>\n\n\t <\/div> <div class=\"row\"  id=\"row-660318441\"> \n\t<div id=\"col-901128901\" class=\"col medium-6 small-12 large-6\"  data-animate=\"fadeInRight\">\n\t\t\t\t<div class=\"col-inner\"  >\n\t\t\t\n\t\t\t\n<p><b>\u00a0<span style=\"font-family: arial, helvetica, sans-serif;\">Ng\u00e0nh s\u1ea3n xu\u1ea5t \u2013 Vi\u1ec7t Nam &amp; Khu v\u1ef1c\u2013 Tri\u1ec3n khai Lean Six Sigma &amp; T\u00e1c \u0111\u1ed9ng kinh doanh<\/span><\/b><\/p>\n<p><span style=\"font-family: arial, helvetica, sans-serif;\"><span style=\"font-weight: 400;\">T\u1ea1i Vi\u1ec7t Nam v\u00e0 c\u00e1c th\u1ecb tr\u01b0\u1eddng ASEAN kh\u00e1c, ch\u00fang t\u00f4i l\u00e0m vi\u1ec7c ch\u1ee7 y\u1ebfu v\u1edbi c\u00e1c kh\u00e1ch h\u00e0ng s\u1ea3n xu\u1ea5t v\u00e0 c\u00f4ng nghi\u1ec7p \u0111\u1ec3 tri\u1ec3n khai c\u00e1c ph\u01b0\u01a1ng ph\u00e1p\u00a0<\/span><b>Lean Six Sigma<\/b><span style=\"font-weight: 400;\">. Ch\u00fang t\u00f4i cung c\u1ea5p c\u00e1c gi\u1ea3i ph\u00e1p to\u00e0n di\u1ec7n, bao \u0111\u1ed3m ch\u1ee9ng ch\u1ec9 \u0111ai V\u00e0ng, Xanh v\u00e0 \u0110en, hu\u1ea5n luy\u1ec7n \u0111i\u1ec1u h\u00e0nh v\u00e0 h\u1ed7 tr\u1ee3 d\u1ef1 \u00e1n. S\u1ef1 can thi\u1ec7p c\u1ee7a ch\u00ednh t\u00f4i \u0111\u00e3 c\u1ea3 thi\u1ec7n trung b\u00ecnh\u00a0<\/span><b>30% hi\u1ec7u qu\u1ea3 quy tr\u00ecnh<\/b><span style=\"font-weight: 400;\">, gi\u1ea3m thi\u1ec3u \u0111\u00e1ng k\u1ec3 l\u00e3ng ph\u00ed, v\u00e0 ti\u1ebft ki\u1ec7m h\u00e0ng n\u0103m v\u01b0\u1ee3t qu\u00e1\u00a0<\/span><b>1 tri\u1ec7u \u0111\u00f4 la M\u1ef9<\/b><span style=\"font-weight: 400;\">. Nh\u1eefng s\u00e1ng ki\u1ebfn n\u00e0y c\u0169ng th\u00fac \u0111\u1ea9y v\u0103n h\u00f3a c\u1ea3i ti\u1ebfn li\u00ean t\u1ee5c v\u00e0 trao quy\u1ec1n cho nh\u1eefng nh\u00e0 v\u00f4 \u0111\u1ecbch n\u1ed9i b\u1ed9 \u0111\u1ec3 suy tr\u00ec s\u1ef1 xu\u1ea5t s\u1eafc trong ho\u1ea1t \u0111\u1ed9ng.<\/span><\/span><\/p>\n\t\t<\/div>\n\t\t\t\t\t<\/div>\n\n\t \n\t<div id=\"col-1342006939\" class=\"col medium-6 small-12 large-6\"  data-animate=\"fadeInLeft\">\n\t\t\t\t<div class=\"col-inner\"  >\n\t\t\t\n\t\t\t \t<div class=\"img has-hover x md-x lg-x y md-y lg-y\" id=\"image_1156565478\">\n\t\t\t\t\t\t\t\t<div class=\"img-inner dark\" >\n\t\t\t<img loading=\"lazy\" decoding=\"async\" width=\"600\" height=\"400\" src=\"https:\/\/growthpartners-consulting.com\/wp-content\/uploads\/5510_tam-quan-trong-cua-chuyen-d.webp\" class=\"attachment-large size-large\" alt=\"\" \/>\t\t\t\t\t\t\n\t\t\t\t\t<\/div>\n\t\t\t\t\t\t\t\t\n<style>\n#image_1156565478 {\n  width: 100%;\n}\n<\/style>\n\t<\/div>\n\t \t\t<\/div>\n\t\t\t\t\t<\/div>\n\n\t <\/div> <div class=\"row\"  id=\"row-252760766\"> \n\t<div id=\"col-1637209365\" class=\"col medium-6 small-12 large-6\"  data-animate=\"fadeInLeft\">\n\t\t\t\t<div class=\"col-inner\"  >\n\t\t\t\n\t\t\t \t<div class=\"img has-hover x md-x lg-x y md-y lg-y\" id=\"image_1941148068\">\n\t\t\t\t\t\t\t\t<div class=\"img-inner dark\" >\n\t\t\t<img loading=\"lazy\" decoding=\"async\" width=\"1024\" height=\"682\" src=\"https:\/\/growthpartners-consulting.com\/wp-content\/uploads\/10-xu-huong-1024x682-1.webp\" class=\"attachment-original size-original\" alt=\"\" \/>\t\t\t\t\t\t\n\t\t\t\t\t<\/div>\n\t\t\t\t\t\t\t\t\n<style>\n#image_1941148068 {\n  width: 100%;\n}\n<\/style>\n\t<\/div>\n\t \t\t<\/div>\n\t\t\t\t\t<\/div>\n\n\t \n\t<div id=\"col-1748686488\" class=\"col medium-6 small-12 large-6\"  data-animate=\"fadeInRight\">\n\t\t\t\t<div class=\"col-inner\"  >\n\t\t\t\n\t\t\t\n<p><span style=\"font-family: arial, helvetica, sans-serif;\"><b>Ch\u0103m s\u00f3c s\u1ee9c kh\u1ecfe \u2013 Trung \u0110\u00f4ng \u2013 Ph\u00e1t tri\u1ec3n &amp; \u0111\u1ed5i m\u1edbi kh\u1ea3 n\u0103ng l\u00e3nh \u0111\u1ea1o<\/b><\/span><\/p>\n<p><span style=\"font-family: arial, helvetica, sans-serif;\"><span style=\"font-weight: 400;\">T\u1ea1i Trung \u0110\u00f4ng, ch\u00fang t\u00f4i h\u1ee3p t\u00e1c v\u1edbi c\u00e1c b\u1ec7nh vi\u1ec7n v\u00e0 c\u00e1c nh\u00f3m ch\u0103m s\u00f3c s\u1ee9c kh\u1ecfe \u0111\u1ec3 n\u00e2ng cao n\u0103ng l\u1ef1c l\u00e3nh \u0111\u1ea1o v\u00e0 \u0111\u1ed5i m\u1edbi l\u1ea5y b\u1ec7nh nh\u00e2n l\u00e0m trung t\u00e2m. C\u00e1c ch\u01b0\u01a1ng tr\u00ecnh ri\u00eang c\u1ee7a ch\u00fang t\u00f4i k\u1ebft h\u1ee3p v\u1edbi c\u00e1c h\u1ed9i th\u1ea3o v\u1ec1\u00a0<\/span><b>\u0111\u00e0o t\u1ea1o c\u00e1c k\u1ef9 n\u0103ng m\u1ec1m<\/b><span style=\"font-weight: 400;\">,\u00a0<\/span><b>Thi\u1ebft k\u1ebf t\u01b0 duy<\/b><span style=\"font-weight: 400;\">\u00a0v\u00e0 c\u00e1c m\u00f4 h\u00ecnh thay \u0111\u1ed5i kh\u1ea3 n\u0103ng l\u00e3nh \u0111\u1ea1o. K\u1ebft qu\u1ea3 bao g\u1ed3m\u00a0<\/span><b>25% s\u1ef1 g\u1eafn k\u1ebft c\u1ee7a nh\u00e2n vi\u00ean<\/b><span style=\"font-weight: 400;\">,\u00a0<\/span><b>15% \u0111i\u1ec3m s\u1ed1 h\u00e0i l\u00f2ng c\u1ee7a b\u1ec7nh nh\u00e2n<\/b><span style=\"font-weight: 400;\">, v\u00e0 ph\u00e1t tri\u1ec3n c\u00e1c m\u00f4 h\u00ecnh ch\u0103m s\u00f3c s\u00e1ng t\u1ea1o ph\u00f9 h\u1ee3p v\u1edbi k\u1ef3 v\u1ecdng c\u1ee7a b\u1ec7nh nh\u00e2n v\u00e0 khu\u00f4n kh\u1ed5 ph\u00e1p l\u00fd. Nh\u1eefng s\u00e1ng ki\u1ebfn n\u00e0y \u0111\u1ecbnh v\u1ecb kh\u00e1ch h\u00e0ng ch\u0103m s\u00f3c s\u1ee9c kh\u1ecfe c\u1ee7a ch\u00fang t\u00f4i l\u00e0 nh\u1eefng ng\u01b0\u1eddi d\u1eabn \u0111\u1ea7u trong vi\u1ec7c cung c\u1ea5p d\u1ecbch v\u1ee5 ch\u1ea5t l\u01b0\u1ee3ng v\u00e0 s\u1ef1 linh ho\u1ea1t c\u1ee7a t\u1ed5 ch\u1ee9c.<\/span><\/span><\/p>\n\t\t<\/div>\n\t\t\t\t\t<\/div>\n\n\t <\/div> \t\t<\/div>\n\t\t\t\t\t<\/div>\n\n\t <\/div>","protected":false},"excerpt":{"rendered":"","protected":false},"author":1,"featured_media":0,"parent":0,"menu_order":0,"comment_status":"closed","ping_status":"closed","template":"page-blank.php","meta":{"footnotes":""},"class_list":["post-67","page","type-page","status-publish","hentry"],"yoast_head":"<!-- This site is optimized with the Yoast SEO Premium plugin v23.2 (Yoast SEO v23.7) - https:\/\/yoast.com\/wordpress\/plugins\/seo\/ -->\n<title>ABOUT US - Growth Partners Consulting<\/title>\n<meta name=\"robots\" content=\"noindex, follow, max-snippet:-1, max-image-preview:large, max-video-preview:-1\" \/>\n<meta property=\"og:locale\" content=\"vi_VN\" \/>\n<meta property=\"og:type\" content=\"article\" \/>\n<meta property=\"og:title\" content=\"ABOUT US\" \/>\n<meta property=\"og:url\" content=\"https:\/\/growthpartners-consulting.com\/vi\/about-us\/\" \/>\n<meta property=\"og:site_name\" content=\"Growth Partners Consulting\" \/>\n<meta property=\"article:modified_time\" content=\"2025-04-03T06:58:17+00:00\" \/>\n<meta name=\"twitter:card\" content=\"summary_large_image\" \/>\n<meta name=\"twitter:label1\" content=\"\u01af\u1edbc t\u00ednh th\u1eddi gian \u0111\u1ecdc\" \/>\n\t<meta name=\"twitter:data1\" content=\"3 ph\u00fat\" \/>\n<script type=\"application\/ld+json\" class=\"yoast-schema-graph\">{\"@context\":\"https:\/\/schema.org\",\"@graph\":[{\"@type\":\"WebPage\",\"@id\":\"https:\/\/growthpartners-consulting.com\/about-us\",\"url\":\"https:\/\/growthpartners-consulting.com\/about-us\",\"name\":\"ABOUT US - Growth Partners Consulting\",\"isPartOf\":{\"@id\":\"https:\/\/growthpartners-consulting.com\/#website\"},\"datePublished\":\"2025-03-12T09:44:03+00:00\",\"dateModified\":\"2025-04-03T06:58:17+00:00\",\"breadcrumb\":{\"@id\":\"https:\/\/growthpartners-consulting.com\/about-us#breadcrumb\"},\"inLanguage\":\"vi\",\"potentialAction\":[{\"@type\":\"ReadAction\",\"target\":[\"https:\/\/growthpartners-consulting.com\/about-us\"]}]},{\"@type\":\"BreadcrumbList\",\"@id\":\"https:\/\/growthpartners-consulting.com\/about-us#breadcrumb\",\"itemListElement\":[{\"@type\":\"ListItem\",\"position\":1,\"name\":\"Trang ch\u1ee7\",\"item\":\"https:\/\/growthpartners-consulting.com\/\"},{\"@type\":\"ListItem\",\"position\":2,\"name\":\"ABOUT US\"}]},{\"@type\":\"WebSite\",\"@id\":\"https:\/\/growthpartners-consulting.com\/#website\",\"url\":\"https:\/\/growthpartners-consulting.com\/\",\"name\":\"Growth Partners Consulting\",\"description\":\"\",\"potentialAction\":[{\"@type\":\"SearchAction\",\"target\":{\"@type\":\"EntryPoint\",\"urlTemplate\":\"https:\/\/growthpartners-consulting.com\/?s={search_term_string}\"},\"query-input\":{\"@type\":\"PropertyValueSpecification\",\"valueRequired\":true,\"valueName\":\"search_term_string\"}}],\"inLanguage\":\"vi\"}]}<\/script>\n<!-- \/ Yoast SEO Premium plugin. -->","yoast_head_json":{"title":"ABOUT US - Growth Partners Consulting","robots":{"index":"noindex","follow":"follow","max-snippet":"max-snippet:-1","max-image-preview":"max-image-preview:large","max-video-preview":"max-video-preview:-1"},"og_locale":"vi_VN","og_type":"article","og_title":"ABOUT US","og_url":"https:\/\/growthpartners-consulting.com\/vi\/about-us\/","og_site_name":"Growth Partners Consulting","article_modified_time":"2025-04-03T06:58:17+00:00","twitter_card":"summary_large_image","twitter_misc":{"\u01af\u1edbc t\u00ednh th\u1eddi gian \u0111\u1ecdc":"3 ph\u00fat"},"schema":{"@context":"https:\/\/schema.org","@graph":[{"@type":"WebPage","@id":"https:\/\/growthpartners-consulting.com\/about-us","url":"https:\/\/growthpartners-consulting.com\/about-us","name":"ABOUT US - Growth Partners Consulting","isPartOf":{"@id":"https:\/\/growthpartners-consulting.com\/#website"},"datePublished":"2025-03-12T09:44:03+00:00","dateModified":"2025-04-03T06:58:17+00:00","breadcrumb":{"@id":"https:\/\/growthpartners-consulting.com\/about-us#breadcrumb"},"inLanguage":"vi","potentialAction":[{"@type":"ReadAction","target":["https:\/\/growthpartners-consulting.com\/about-us"]}]},{"@type":"BreadcrumbList","@id":"https:\/\/growthpartners-consulting.com\/about-us#breadcrumb","itemListElement":[{"@type":"ListItem","position":1,"name":"Trang ch\u1ee7","item":"https:\/\/growthpartners-consulting.com\/"},{"@type":"ListItem","position":2,"name":"ABOUT US"}]},{"@type":"WebSite","@id":"https:\/\/growthpartners-consulting.com\/#website","url":"https:\/\/growthpartners-consulting.com\/","name":"Growth Partners Consulting","description":"","potentialAction":[{"@type":"SearchAction","target":{"@type":"EntryPoint","urlTemplate":"https:\/\/growthpartners-consulting.com\/?s={search_term_string}"},"query-input":{"@type":"PropertyValueSpecification","valueRequired":true,"valueName":"search_term_string"}}],"inLanguage":"vi"}]}},"_links":{"self":[{"href":"https:\/\/growthpartners-consulting.com\/vi\/wp-json\/wp\/v2\/pages\/67","targetHints":{"allow":["GET"]}}],"collection":[{"href":"https:\/\/growthpartners-consulting.com\/vi\/wp-json\/wp\/v2\/pages"}],"about":[{"href":"https:\/\/growthpartners-consulting.com\/vi\/wp-json\/wp\/v2\/types\/page"}],"author":[{"embeddable":true,"href":"https:\/\/growthpartners-consulting.com\/vi\/wp-json\/wp\/v2\/users\/1"}],"replies":[{"embeddable":true,"href":"https:\/\/growthpartners-consulting.com\/vi\/wp-json\/wp\/v2\/comments?post=67"}],"version-history":[{"count":9,"href":"https:\/\/growthpartners-consulting.com\/vi\/wp-json\/wp\/v2\/pages\/67\/revisions"}],"predecessor-version":[{"id":266,"href":"https:\/\/growthpartners-consulting.com\/vi\/wp-json\/wp\/v2\/pages\/67\/revisions\/266"}],"wp:attachment":[{"href":"https:\/\/growthpartners-consulting.com\/vi\/wp-json\/wp\/v2\/media?parent=67"}],"curies":[{"name":"wp","href":"https:\/\/api.w.org\/{rel}","templated":true}]}}